{"id":127,"date":"2026-04-07T13:00:31","date_gmt":"2026-04-07T13:00:31","guid":{"rendered":"https:\/\/959ccfb93f.testlink.ee\/loon\/?page_id=127"},"modified":"2026-04-17T13:03:53","modified_gmt":"2026-04-17T10:03:53","slug":"minust","status":"publish","type":"page","link":"https:\/\/loondesign.ee\/ru\/minust\/","title":{"rendered":"\u041e\u0431\u043e \u043c\u043d\u0435"},"content":{"rendered":"\t\t<div data-elementor-type=\"wp-page\" data-elementor-id=\"127\" class=\"elementor elementor-127\" data-elementor-post-type=\"page\">\n\t\t\t\t<div class=\"elementor-element elementor-element-120cd91 e-flex e-con-boxed e-con e-parent\" data-id=\"120cd91\" data-element_type=\"container\" data-e-type=\"container\">\n\t\t\t\t\t<div class=\"e-con-inner\">\n\t\t<div class=\"elementor-element elementor-element-ad58814 e-con-full e-flex e-con e-child\" data-id=\"ad58814\" data-element_type=\"container\" data-e-type=\"container\">\n\t\t\t\t<div class=\"elementor-element elementor-element-f14ad42 elementor-widget-mobile__width-initial elementor-widget elementor-widget-image\" data-id=\"f14ad42\" data-element_type=\"widget\" data-e-type=\"widget\" data-widget_type=\"image.default\">\n\t\t\t\t\t\t\t\t\t\t\t\t\t\t\t<img fetchpriority=\"high\" decoding=\"async\" width=\"853\" height=\"1280\" src=\"https:\/\/loondesign.ee\/wp-content\/uploads\/2026\/04\/photo_1.jpg\" class=\"attachment-full size-full wp-image-490\" alt=\"Sisekujundaja Margarita\" srcset=\"https:\/\/loondesign.ee\/wp-content\/uploads\/2026\/04\/photo_1.jpg 853w, https:\/\/loondesign.ee\/wp-content\/uploads\/2026\/04\/photo_1-200x300.jpg 200w, https:\/\/loondesign.ee\/wp-content\/uploads\/2026\/04\/photo_1-682x1024.jpg 682w, https:\/\/loondesign.ee\/wp-content\/uploads\/2026\/04\/photo_1-768x1152.jpg 768w\" sizes=\"(max-width: 853px) 100vw, 853px\" \/>\t\t\t\t\t\t\t\t\t\t\t\t\t\t\t<\/div>\n\t\t\t\t<\/div>\n\t\t<div class=\"elementor-element elementor-element-acceaaf e-con-full e-flex e-con e-child\" data-id=\"acceaaf\" data-element_type=\"container\" data-e-type=\"container\">\n\t\t\t\t<div class=\"elementor-element elementor-element-2748aaf elementor-widget elementor-widget-text-editor\" data-id=\"2748aaf\" data-element_type=\"widget\" data-e-type=\"widget\" data-widget_type=\"text-editor.default\">\n\t\t\t\t\t\t\t\t\t<h1>Olen <span style=\"color: #b69146;\">Margarita <\/span>&#8211; sisekujundaja, kes loob l\u00e4bim\u00f5eldud ruume ja juhib projekti ideest teostuseni<\/h1>\t\t\t\t\t\t\t\t<\/div>\n\t\t\t\t<div class=\"elementor-element elementor-element-c25bde9 elementor-widget elementor-widget-text-editor\" data-id=\"c25bde9\" data-element_type=\"widget\" data-e-type=\"widget\" data-widget_type=\"text-editor.default\">\n\t\t\t\t\t\t\t\t\t<p><span style=\"font-weight: 400;\">Aitan luua ruume, kus esteetika ja funktsionaalsus on tasakaalus ning kus on t\u00f5eliselt hea olla. Minu jaoks on sisekujundus rohkem kui lihtsalt ruumi kujundamine \u2013 see on l\u00e4bim\u00f5eldud ja toimiva keskkonna loomine, mis toetab sinu igap\u00e4evaelu.<\/span><\/p><p><span style=\"font-weight: 400;\">Iga projekt l\u00e4htub sinu elustiilist, harjumustest ja vajadustest, et tulemus oleks isikup\u00e4rane ja ajas kestev. Tulemuseks on harmooniline ja terviklik ruum, kus k\u00f5ik detailid on omavahel seotud ning mis tundub p\u00e4riselt sinu oma.<\/span><\/p>\t\t\t\t\t\t\t\t<\/div>\n\t\t<div class=\"elementor-element elementor-element-c093aaa e-con-full e-flex e-con e-child\" data-id=\"c093aaa\" data-element_type=\"container\" data-e-type=\"container\">\n\t\t<div class=\"elementor-element elementor-element-df125b4 e-con-full e-flex e-con e-child\" data-id=\"df125b4\" data-element_type=\"container\" data-e-type=\"container\" data-settings=\"{&quot;background_background&quot;:&quot;classic&quot;}\">\n\t\t\t\t<div class=\"elementor-element elementor-element-3d4cfc3 elementor-hidden-mobile elementor-view-default elementor-widget elementor-widget-icon\" data-id=\"3d4cfc3\" data-element_type=\"widget\" data-e-type=\"widget\" data-widget_type=\"icon.default\">\n\t\t\t\t\t\t\t<div class=\"elementor-icon-wrapper\">\n\t\t\t<div class=\"elementor-icon\">\n\t\t\t<i aria-hidden=\"true\" class=\"phl phlight-check-circle\"><\/i>\t\t\t<\/div>\n\t\t<\/div>\n\t\t\t\t\t\t<\/div>\n\t\t\t\t<div class=\"elementor-element elementor-element-bcba5e3 elementor-widget-mobile__width-initial elementor-widget elementor-widget-heading\" data-id=\"bcba5e3\" data-element_type=\"widget\" data-e-type=\"widget\" data-widget_type=\"heading.default\">\n\t\t\t\t\t<h2 class=\"elementor-heading-title elementor-size-default\">Personaalne ja l\u00e4bim\u00f5eldud l\u00e4henemine<\/h2>\t\t\t\t<\/div>\n\t\t\t\t<\/div>\n\t\t<div class=\"elementor-element elementor-element-68a62f3 e-con-full e-flex e-con e-child\" data-id=\"68a62f3\" data-element_type=\"container\" data-e-type=\"container\" data-settings=\"{&quot;background_background&quot;:&quot;classic&quot;}\">\n\t\t\t\t<div class=\"elementor-element elementor-element-46a1414 elementor-hidden-mobile elementor-view-default elementor-widget elementor-widget-icon\" data-id=\"46a1414\" data-element_type=\"widget\" data-e-type=\"widget\" data-widget_type=\"icon.default\">\n\t\t\t\t\t\t\t<div class=\"elementor-icon-wrapper\">\n\t\t\t<div class=\"elementor-icon\">\n\t\t\t<i aria-hidden=\"true\" class=\"phl phlight-check-circle\"><\/i>\t\t\t<\/div>\n\t\t<\/div>\n\t\t\t\t\t\t<\/div>\n\t\t\t\t<div class=\"elementor-element elementor-element-a8d5b36 elementor-widget elementor-widget-heading\" data-id=\"a8d5b36\" data-element_type=\"widget\" data-e-type=\"widget\" data-widget_type=\"heading.default\">\n\t\t\t\t\t<h2 class=\"elementor-heading-title elementor-size-default\">Selge ja sujuv protsess algusest l\u00f5puni<\/h2>\t\t\t\t<\/div>\n\t\t\t\t<\/div>\n\t\t<div class=\"elementor-element elementor-element-6609fa0 e-con-full e-flex e-con e-child\" data-id=\"6609fa0\" data-element_type=\"container\" data-e-type=\"container\" data-settings=\"{&quot;background_background&quot;:&quot;classic&quot;}\">\n\t\t\t\t<div class=\"elementor-element elementor-element-9cd495c elementor-hidden-mobile elementor-view-default elementor-widget elementor-widget-icon\" data-id=\"9cd495c\" data-element_type=\"widget\" data-e-type=\"widget\" data-widget_type=\"icon.default\">\n\t\t\t\t\t\t\t<div class=\"elementor-icon-wrapper\">\n\t\t\t<div class=\"elementor-icon\">\n\t\t\t<i aria-hidden=\"true\" class=\"phl phlight-check-circle\"><\/i>\t\t\t<\/div>\n\t\t<\/div>\n\t\t\t\t\t\t<\/div>\n\t\t\t\t<div class=\"elementor-element elementor-element-5314be3 elementor-widget elementor-widget-heading\" data-id=\"5314be3\" data-element_type=\"widget\" data-e-type=\"widget\" data-widget_type=\"heading.default\">\n\t\t\t\t\t<h2 class=\"elementor-heading-title elementor-size-default\">Funktsionaalne ja l\u00e4bim\u00f5eldud lahendus<\/h2>\t\t\t\t<\/div>\n\t\t\t\t<\/div>\n\t\t\t\t<\/div>\n\t\t\t\t<\/div>\n\t\t\t\t\t<\/div>\n\t\t\t\t<\/div>\n\t\t<div class=\"elementor-element elementor-element-f30746c e-flex e-con-boxed e-con e-parent\" data-id=\"f30746c\" data-element_type=\"container\" data-e-type=\"container\" data-settings=\"{&quot;background_background&quot;:&quot;classic&quot;}\">\n\t\t\t\t\t<div class=\"e-con-inner\">\n\t\t\t\t<div class=\"elementor-element elementor-element-d03541d elementor-widget elementor-widget-text-editor\" data-id=\"d03541d\" data-element_type=\"widget\" data-e-type=\"widget\" data-widget_type=\"text-editor.default\">\n\t\t\t\t\t\t\t\t\t<h2>Kirjelda <span style=\"color: #b69146;\">oma<\/span> projekti!<\/h2>\t\t\t\t\t\t\t\t<\/div>\n\t\t\t\t<div class=\"elementor-element elementor-element-d497e45 elementor-widget__width-initial elementor-widget-mobile__width-initial elementor-widget elementor-widget-text-editor\" data-id=\"d497e45\" data-element_type=\"widget\" data-e-type=\"widget\" data-widget_type=\"text-editor.default\">\n\t\t\t\t\t\t\t\t\t<p><span style=\"font-weight: 400;\">Leiame sulle sobiva lahenduse<\/span><\/p>\t\t\t\t\t\t\t\t<\/div>\n\t\t\t\t\t<\/div>\n\t\t\t\t<\/div>\n\t\t<div class=\"elementor-element elementor-element-ce5f014 e-flex e-con-boxed e-con e-parent\" data-id=\"ce5f014\" data-element_type=\"container\" data-e-type=\"container\" data-settings=\"{&quot;background_background&quot;:&quot;classic&quot;}\">\n\t\t\t\t\t<div class=\"e-con-inner\">\n\t\t<div class=\"elementor-element elementor-element-f35d93e e-con-full e-flex e-con e-child\" data-id=\"f35d93e\" data-element_type=\"container\" data-e-type=\"container\">\n\t\t\t\t<div class=\"elementor-element elementor-element-6af2077 elementor-button-align-center elementor-widget elementor-widget-form\" data-id=\"6af2077\" data-element_type=\"widget\" data-e-type=\"widget\" data-settings=\"{&quot;step_next_label&quot;:&quot;Next&quot;,&quot;step_previous_label&quot;:&quot;Previous&quot;,&quot;button_width&quot;:&quot;100&quot;,&quot;step_type&quot;:&quot;number_text&quot;,&quot;step_icon_shape&quot;:&quot;circle&quot;}\" data-widget_type=\"form.default\">\n\t\t\t\t\t\t\t<form class=\"elementor-form\" method=\"post\" name=\"New Form\" aria-label=\"New Form\" novalidate=\"\">\n\t\t\t<input type=\"hidden\" name=\"post_id\" value=\"127\"\/>\n\t\t\t<input type=\"hidden\" name=\"form_id\" value=\"6af2077\"\/>\n\t\t\t<input type=\"hidden\" name=\"referer_title\" value=\"Sisekujundaja Margarita Bl\u00e4hhin - Loon Design - Ideest teostuseni\" \/>\n\n\t\t\t\t\t\t\t<input type=\"hidden\" name=\"queried_id\" value=\"127\"\/>\n\t\t\t\n\t\t\t<div class=\"elementor-form-fields-wrapper elementor-labels-above\">\n\t\t\t\t\t\t\t\t<div class=\"elementor-field-type-text elementor-field-group elementor-column elementor-field-group-name elementor-col-50 elementor-field-required\">\n\t\t\t\t\t\t\t\t\t\t\t\t<label for=\"form-field-name\" class=\"elementor-field-label\">\n\t\t\t\t\t\t\t\tNimi\t\t\t\t\t\t\t<\/label>\n\t\t\t\t\t\t\t\t\t\t\t\t\t\t<input size=\"1\" type=\"text\" name=\"form_fields[name]\" id=\"form-field-name\" class=\"elementor-field elementor-size-md  elementor-field-textual\" placeholder=\"Nimi\" required=\"required\">\n\t\t\t\t\t\t\t\t\t\t\t<\/div>\n\t\t\t\t\t\t\t\t<div class=\"elementor-field-type-text elementor-field-group elementor-column elementor-field-group-field_3cdfb52 elementor-col-50\">\n\t\t\t\t\t\t\t\t\t\t\t\t<label for=\"form-field-field_3cdfb52\" class=\"elementor-field-label\">\n\t\t\t\t\t\t\t\tTelefoninumber\t\t\t\t\t\t\t<\/label>\n\t\t\t\t\t\t\t\t\t\t\t\t\t\t<input size=\"1\" type=\"text\" name=\"form_fields[field_3cdfb52]\" id=\"form-field-field_3cdfb52\" class=\"elementor-field elementor-size-md  elementor-field-textual\" placeholder=\"Telefoninumber\">\n\t\t\t\t\t\t\t\t\t\t\t<\/div>\n\t\t\t\t\t\t\t\t<div class=\"elementor-field-type-email elementor-field-group elementor-column elementor-field-group-email elementor-col-100 elementor-field-required\">\n\t\t\t\t\t\t\t\t\t\t\t\t<label for=\"form-field-email\" class=\"elementor-field-label\">\n\t\t\t\t\t\t\t\tE-posti aadress\t\t\t\t\t\t\t<\/label>\n\t\t\t\t\t\t\t\t\t\t\t\t\t\t<input size=\"1\" type=\"email\" name=\"form_fields[email]\" id=\"form-field-email\" class=\"elementor-field elementor-size-md  elementor-field-textual\" placeholder=\"E-post\" required=\"required\">\n\t\t\t\t\t\t\t\t\t\t\t<\/div>\n\t\t\t\t\t\t\t\t<div class=\"elementor-field-type-textarea elementor-field-group elementor-column elementor-field-group-message elementor-col-100 elementor-field-required\">\n\t\t\t\t\t\t\t\t\t\t\t\t<label for=\"form-field-message\" class=\"elementor-field-label\">\n\t\t\t\t\t\t\t\tProjekti kirjeldus, suurus, soovid\t\t\t\t\t\t\t<\/label>\n\t\t\t\t\t\t<textarea class=\"elementor-field-textual elementor-field  elementor-size-md\" name=\"form_fields[message]\" id=\"form-field-message\" rows=\"4\" placeholder=\"Kirjelda l\u00fchidalt oma projekti, ruumi suurust ja soove\" required=\"required\"><\/textarea>\t\t\t\t<\/div>\n\t\t\t\t\t\t\t\t<div class=\"elementor-field-type-recaptcha_v3 elementor-field-group elementor-column elementor-field-group-field_2c9de4c elementor-col-100 recaptcha_v3-bottomright\">\n\t\t\t\t\t<div class=\"elementor-field\" id=\"form-field-field_2c9de4c\"><div class=\"elementor-g-recaptcha\" data-sitekey=\"6LdsBrwsAAAAABA3Cw0wlHntEyiN7HMh3hHHzThF\" data-type=\"v3\" data-action=\"Form\" data-badge=\"bottomright\" data-size=\"invisible\"><\/div><\/div>\t\t\t\t<\/div>\n\t\t\t\t\t\t\t\t<div class=\"elementor-field-group elementor-column elementor-field-type-submit elementor-col-100 e-form__buttons\">\n\t\t\t\t\t<button class=\"elementor-button elementor-size-sm\" type=\"submit\">\n\t\t\t\t\t\t<span class=\"elementor-button-content-wrapper\">\n\t\t\t\t\t\t\t\t\t\t\t\t\t\t\t\t\t\t\t\t\t\t<span class=\"elementor-button-text\">Saada<\/span>\n\t\t\t\t\t\t\t\t\t\t\t\t\t<\/span>\n\t\t\t\t\t<\/button>\n\t\t\t\t<\/div>\n\t\t\t<\/div>\n\t\t<\/form>\n\t\t\t\t\t\t<\/div>\n\t\t\t\t<\/div>\n\t\t<div class=\"elementor-element elementor-element-a34ef98 e-con-full e-flex e-con e-child\" data-id=\"a34ef98\" data-element_type=\"container\" data-e-type=\"container\">\n\t\t\t\t<div class=\"elementor-element elementor-element-a8e4312 elementor-position-inline-start elementor-mobile-position-inline-start elementor-view-default elementor-widget elementor-widget-icon-box\" data-id=\"a8e4312\" data-element_type=\"widget\" data-e-type=\"widget\" data-widget_type=\"icon-box.default\">\n\t\t\t\t\t\t\t<div class=\"elementor-icon-box-wrapper\">\n\n\t\t\t\t\t\t<div class=\"elementor-icon-box-icon\">\n\t\t\t\t<a href=\"tel:+37256727563\" class=\"elementor-icon\" tabindex=\"-1\" aria-label=\"Helista\">\n\t\t\t\t<i aria-hidden=\"true\" class=\"phl phlight-phone-call\"><\/i>\t\t\t\t<\/a>\n\t\t\t<\/div>\n\t\t\t\n\t\t\t\t\t\t<div class=\"elementor-icon-box-content\">\n\n\t\t\t\t\t\t\t\t\t<h3 class=\"elementor-icon-box-title\">\n\t\t\t\t\t\t<a href=\"tel:+37256727563\" >\n\t\t\t\t\t\t\tHelista\t\t\t\t\t\t<\/a>\n\t\t\t\t\t<\/h3>\n\t\t\t\t\n\t\t\t\t\t\t\t\t\t<p class=\"elementor-icon-box-description\">\n\t\t\t\t\t\t+372 56 727 563\t\t\t\t\t<\/p>\n\t\t\t\t\n\t\t\t<\/div>\n\t\t\t\n\t\t<\/div>\n\t\t\t\t\t\t<\/div>\n\t\t\t\t<div class=\"elementor-element elementor-element-0fe91c1 elementor-widget-divider--view-line elementor-widget elementor-widget-divider\" data-id=\"0fe91c1\" data-element_type=\"widget\" data-e-type=\"widget\" data-widget_type=\"divider.default\">\n\t\t\t\t\t\t\t<div class=\"elementor-divider\">\n\t\t\t<span class=\"elementor-divider-separator\">\n\t\t\t\t\t\t<\/span>\n\t\t<\/div>\n\t\t\t\t\t\t<\/div>\n\t\t\t\t<div class=\"elementor-element elementor-element-27cc7e7 elementor-position-inline-start elementor-mobile-position-inline-start elementor-view-default elementor-widget elementor-widget-icon-box\" data-id=\"27cc7e7\" data-element_type=\"widget\" data-e-type=\"widget\" data-widget_type=\"icon-box.default\">\n\t\t\t\t\t\t\t<div class=\"elementor-icon-box-wrapper\">\n\n\t\t\t\t\t\t<div class=\"elementor-icon-box-icon\">\n\t\t\t\t<a href=\"mailto:info@loondesign.ee\" class=\"elementor-icon\" tabindex=\"-1\" aria-label=\"saada e-kiri\">\n\t\t\t\t<i aria-hidden=\"true\" class=\"phl phlight-mailbox\"><\/i>\t\t\t\t<\/a>\n\t\t\t<\/div>\n\t\t\t\n\t\t\t\t\t\t<div class=\"elementor-icon-box-content\">\n\n\t\t\t\t\t\t\t\t\t<h3 class=\"elementor-icon-box-title\">\n\t\t\t\t\t\t<a href=\"mailto:info@loondesign.ee\" >\n\t\t\t\t\t\t\tsaada e-kiri\t\t\t\t\t\t<\/a>\n\t\t\t\t\t<\/h3>\n\t\t\t\t\n\t\t\t\t\t\t\t\t\t<p class=\"elementor-icon-box-description\">\n\t\t\t\t\t\tinfo@loondesign.ee\t\t\t\t\t<\/p>\n\t\t\t\t\n\t\t\t<\/div>\n\t\t\t\n\t\t<\/div>\n\t\t\t\t\t\t<\/div>\n\t\t\t\t<\/div>\n\t\t\t\t\t<\/div>\n\t\t\t\t<\/div>\n\t\t\t\t<\/div>\n\t\t","protected":false},"excerpt":{"rendered":"<p>Olen Margarita &#8211; sisekujundaja, kes loob l\u00e4bim\u00f5eldud ruume ja juhib projekti ideest teostuseni Aitan luua ruume, kus esteetika ja funktsionaalsus on tasakaalus ning kus on t\u00f5eliselt hea olla. Minu jaoks on sisekujundus rohkem kui lihtsalt ruumi kujundamine \u2013 see on l\u00e4bim\u00f5eldud ja toimiva keskkonna loomine, mis toetab sinu igap\u00e4evaelu. Iga projekt l\u00e4htub sinu elustiilist, harjumustest [&hellip;]<\/p>\n","protected":false},"author":1,"featured_media":490,"parent":0,"menu_order":0,"comment_status":"closed","ping_status":"closed","template":"","meta":{"_acf_changed":false,"footnotes":""},"class_list":["post-127","page","type-page","status-publish","has-post-thumbnail","hentry"],"acf":[],"yoast_head":"<!-- This site is optimized with the Yoast SEO plugin v27.4 - https:\/\/yoast.com\/product\/yoast-seo-wordpress\/ -->\n<title>Sisekujundaja Margarita Bl\u00e4hhin - Loon Design - Ideest teostuseni<\/title>\n<meta name=\"description\" content=\"Tallinnas tegutsev sisekujundaja, kes loob l\u00e4bim\u00f5eldud ruume ja juhib projekti ideest teostuseni. Leia endale sobiv pakett.\" \/>\n<meta name=\"robots\" content=\"index, follow, max-snippet:-1, max-image-preview:large, max-video-preview:-1\" \/>\n<link rel=\"canonical\" href=\"https:\/\/loondesign.ee\/ru\/minust\/\" \/>\n<meta property=\"og:locale\" content=\"ru_RU\" \/>\n<meta property=\"og:type\" content=\"article\" \/>\n<meta property=\"og:title\" content=\"Sisekujundaja Margarita Bl\u00e4hhin - Loon Design - Ideest teostuseni\" \/>\n<meta property=\"og:description\" content=\"Tallinnas tegutsev sisekujundaja, kes loob l\u00e4bim\u00f5eldud ruume ja juhib projekti ideest teostuseni. Leia endale sobiv pakett.\" \/>\n<meta property=\"og:url\" content=\"https:\/\/loondesign.ee\/ru\/minust\/\" \/>\n<meta property=\"og:site_name\" content=\"Loon Design\" \/>\n<meta property=\"article:modified_time\" content=\"2026-04-17T10:03:53+00:00\" \/>\n<meta property=\"og:image\" content=\"https:\/\/loondesign.ee\/wp-content\/uploads\/2026\/04\/photo_1.jpg\" \/>\n\t<meta property=\"og:image:width\" content=\"853\" \/>\n\t<meta property=\"og:image:height\" content=\"1280\" \/>\n\t<meta property=\"og:image:type\" content=\"image\/jpeg\" \/>\n<meta name=\"twitter:card\" content=\"summary_large_image\" \/>\n<meta name=\"twitter:label1\" content=\"\u041f\u0440\u0438\u043c\u0435\u0440\u043d\u043e\u0435 \u0432\u0440\u0435\u043c\u044f \u0434\u043b\u044f \u0447\u0442\u0435\u043d\u0438\u044f\" \/>\n\t<meta name=\"twitter:data1\" content=\"1 \u043c\u0438\u043d\u0443\u0442\u0430\" \/>\n<script type=\"application\/ld+json\" class=\"yoast-schema-graph\">{\"@context\":\"https:\\\/\\\/schema.org\",\"@graph\":[{\"@type\":\"WebPage\",\"@id\":\"https:\\\/\\\/loondesign.ee\\\/minust\\\/\",\"url\":\"https:\\\/\\\/loondesign.ee\\\/minust\\\/\",\"name\":\"Sisekujundaja Margarita Bl\u00e4hhin - Loon Design - Ideest teostuseni\",\"isPartOf\":{\"@id\":\"https:\\\/\\\/loondesign.ee\\\/#website\"},\"primaryImageOfPage\":{\"@id\":\"https:\\\/\\\/loondesign.ee\\\/minust\\\/#primaryimage\"},\"image\":{\"@id\":\"https:\\\/\\\/loondesign.ee\\\/minust\\\/#primaryimage\"},\"thumbnailUrl\":\"https:\\\/\\\/loondesign.ee\\\/wp-content\\\/uploads\\\/2026\\\/04\\\/photo_1.jpg\",\"datePublished\":\"2026-04-07T13:00:31+00:00\",\"dateModified\":\"2026-04-17T10:03:53+00:00\",\"description\":\"Tallinnas tegutsev sisekujundaja, kes loob l\u00e4bim\u00f5eldud ruume ja juhib projekti ideest teostuseni. Leia endale sobiv pakett.\",\"breadcrumb\":{\"@id\":\"https:\\\/\\\/loondesign.ee\\\/minust\\\/#breadcrumb\"},\"inLanguage\":\"ru-RU\",\"potentialAction\":[{\"@type\":\"ReadAction\",\"target\":[\"https:\\\/\\\/loondesign.ee\\\/minust\\\/\"]}]},{\"@type\":\"ImageObject\",\"inLanguage\":\"ru-RU\",\"@id\":\"https:\\\/\\\/loondesign.ee\\\/minust\\\/#primaryimage\",\"url\":\"https:\\\/\\\/loondesign.ee\\\/wp-content\\\/uploads\\\/2026\\\/04\\\/photo_1.jpg\",\"contentUrl\":\"https:\\\/\\\/loondesign.ee\\\/wp-content\\\/uploads\\\/2026\\\/04\\\/photo_1.jpg\",\"width\":853,\"height\":1280,\"caption\":\"Sisekujundaja Margarita\"},{\"@type\":\"BreadcrumbList\",\"@id\":\"https:\\\/\\\/loondesign.ee\\\/minust\\\/#breadcrumb\",\"itemListElement\":[{\"@type\":\"ListItem\",\"position\":1,\"name\":\"Home\",\"item\":\"https:\\\/\\\/loondesign.ee\\\/\"},{\"@type\":\"ListItem\",\"position\":2,\"name\":\"Minust\"}]},{\"@type\":\"WebSite\",\"@id\":\"https:\\\/\\\/loondesign.ee\\\/#website\",\"url\":\"https:\\\/\\\/loondesign.ee\\\/\",\"name\":\"Loon Design\",\"description\":\"\",\"publisher\":{\"@id\":\"https:\\\/\\\/loondesign.ee\\\/#organization\"},\"potentialAction\":[{\"@type\":\"SearchAction\",\"target\":{\"@type\":\"EntryPoint\",\"urlTemplate\":\"https:\\\/\\\/loondesign.ee\\\/?s={search_term_string}\"},\"query-input\":{\"@type\":\"PropertyValueSpecification\",\"valueRequired\":true,\"valueName\":\"search_term_string\"}}],\"inLanguage\":\"ru-RU\"},{\"@type\":\"Organization\",\"@id\":\"https:\\\/\\\/loondesign.ee\\\/#organization\",\"name\":\"Loon Design\",\"url\":\"https:\\\/\\\/loondesign.ee\\\/\",\"logo\":{\"@type\":\"ImageObject\",\"inLanguage\":\"ru-RU\",\"@id\":\"https:\\\/\\\/loondesign.ee\\\/#\\\/schema\\\/logo\\\/image\\\/\",\"url\":\"https:\\\/\\\/loondesign.ee\\\/wp-content\\\/uploads\\\/2026\\\/04\\\/cropped-LOGO-1.png\",\"contentUrl\":\"https:\\\/\\\/loondesign.ee\\\/wp-content\\\/uploads\\\/2026\\\/04\\\/cropped-LOGO-1.png\",\"width\":512,\"height\":512,\"caption\":\"Loon Design\"},\"image\":{\"@id\":\"https:\\\/\\\/loondesign.ee\\\/#\\\/schema\\\/logo\\\/image\\\/\"}}]}<\/script>\n<!-- \/ Yoast SEO plugin. -->","yoast_head_json":{"title":"Sisekujundaja Margarita Bl\u00e4hhin - Loon Design - Ideest teostuseni","description":"Tallinnas tegutsev sisekujundaja, kes loob l\u00e4bim\u00f5eldud ruume ja juhib projekti ideest teostuseni. Leia endale sobiv pakett.","robots":{"index":"index","follow":"follow","max-snippet":"max-snippet:-1","max-image-preview":"max-image-preview:large","max-video-preview":"max-video-preview:-1"},"canonical":"https:\/\/loondesign.ee\/ru\/minust\/","og_locale":"ru_RU","og_type":"article","og_title":"Sisekujundaja Margarita Bl\u00e4hhin - Loon Design - Ideest teostuseni","og_description":"Tallinnas tegutsev sisekujundaja, kes loob l\u00e4bim\u00f5eldud ruume ja juhib projekti ideest teostuseni. Leia endale sobiv pakett.","og_url":"https:\/\/loondesign.ee\/ru\/minust\/","og_site_name":"Loon Design","article_modified_time":"2026-04-17T10:03:53+00:00","og_image":[{"width":853,"height":1280,"url":"https:\/\/loondesign.ee\/wp-content\/uploads\/2026\/04\/photo_1.jpg","type":"image\/jpeg"}],"twitter_card":"summary_large_image","twitter_misc":{"\u041f\u0440\u0438\u043c\u0435\u0440\u043d\u043e\u0435 \u0432\u0440\u0435\u043c\u044f \u0434\u043b\u044f \u0447\u0442\u0435\u043d\u0438\u044f":"1 \u043c\u0438\u043d\u0443\u0442\u0430"},"schema":{"@context":"https:\/\/schema.org","@graph":[{"@type":"WebPage","@id":"https:\/\/loondesign.ee\/minust\/","url":"https:\/\/loondesign.ee\/minust\/","name":"Sisekujundaja Margarita Bl\u00e4hhin - Loon Design - Ideest teostuseni","isPartOf":{"@id":"https:\/\/loondesign.ee\/#website"},"primaryImageOfPage":{"@id":"https:\/\/loondesign.ee\/minust\/#primaryimage"},"image":{"@id":"https:\/\/loondesign.ee\/minust\/#primaryimage"},"thumbnailUrl":"https:\/\/loondesign.ee\/wp-content\/uploads\/2026\/04\/photo_1.jpg","datePublished":"2026-04-07T13:00:31+00:00","dateModified":"2026-04-17T10:03:53+00:00","description":"Tallinnas tegutsev sisekujundaja, kes loob l\u00e4bim\u00f5eldud ruume ja juhib projekti ideest teostuseni. Leia endale sobiv pakett.","breadcrumb":{"@id":"https:\/\/loondesign.ee\/minust\/#breadcrumb"},"inLanguage":"ru-RU","potentialAction":[{"@type":"ReadAction","target":["https:\/\/loondesign.ee\/minust\/"]}]},{"@type":"ImageObject","inLanguage":"ru-RU","@id":"https:\/\/loondesign.ee\/minust\/#primaryimage","url":"https:\/\/loondesign.ee\/wp-content\/uploads\/2026\/04\/photo_1.jpg","contentUrl":"https:\/\/loondesign.ee\/wp-content\/uploads\/2026\/04\/photo_1.jpg","width":853,"height":1280,"caption":"Sisekujundaja Margarita"},{"@type":"BreadcrumbList","@id":"https:\/\/loondesign.ee\/minust\/#breadcrumb","itemListElement":[{"@type":"ListItem","position":1,"name":"Home","item":"https:\/\/loondesign.ee\/"},{"@type":"ListItem","position":2,"name":"Minust"}]},{"@type":"WebSite","@id":"https:\/\/loondesign.ee\/#website","url":"https:\/\/loondesign.ee\/","name":"Loon Design","description":"","publisher":{"@id":"https:\/\/loondesign.ee\/#organization"},"potentialAction":[{"@type":"SearchAction","target":{"@type":"EntryPoint","urlTemplate":"https:\/\/loondesign.ee\/?s={search_term_string}"},"query-input":{"@type":"PropertyValueSpecification","valueRequired":true,"valueName":"search_term_string"}}],"inLanguage":"ru-RU"},{"@type":"Organization","@id":"https:\/\/loondesign.ee\/#organization","name":"Loon Design","url":"https:\/\/loondesign.ee\/","logo":{"@type":"ImageObject","inLanguage":"ru-RU","@id":"https:\/\/loondesign.ee\/#\/schema\/logo\/image\/","url":"https:\/\/loondesign.ee\/wp-content\/uploads\/2026\/04\/cropped-LOGO-1.png","contentUrl":"https:\/\/loondesign.ee\/wp-content\/uploads\/2026\/04\/cropped-LOGO-1.png","width":512,"height":512,"caption":"Loon Design"},"image":{"@id":"https:\/\/loondesign.ee\/#\/schema\/logo\/image\/"}}]}},"_links":{"self":[{"href":"https:\/\/loondesign.ee\/ru\/wp-json\/wp\/v2\/pages\/127","targetHints":{"allow":["GET"]}}],"collection":[{"href":"https:\/\/loondesign.ee\/ru\/wp-json\/wp\/v2\/pages"}],"about":[{"href":"https:\/\/loondesign.ee\/ru\/wp-json\/wp\/v2\/types\/page"}],"author":[{"embeddable":true,"href":"https:\/\/loondesign.ee\/ru\/wp-json\/wp\/v2\/users\/1"}],"replies":[{"embeddable":true,"href":"https:\/\/loondesign.ee\/ru\/wp-json\/wp\/v2\/comments?post=127"}],"version-history":[{"count":6,"href":"https:\/\/loondesign.ee\/ru\/wp-json\/wp\/v2\/pages\/127\/revisions"}],"predecessor-version":[{"id":670,"href":"https:\/\/loondesign.ee\/ru\/wp-json\/wp\/v2\/pages\/127\/revisions\/670"}],"wp:featuredmedia":[{"embeddable":true,"href":"https:\/\/loondesign.ee\/ru\/wp-json\/wp\/v2\/media\/490"}],"wp:attachment":[{"href":"https:\/\/loondesign.ee\/ru\/wp-json\/wp\/v2\/media?parent=127"}],"curies":[{"name":"wp","href":"https:\/\/api.w.org\/{rel}","templated":true}]}}